{"id":1900,"date":"2022-09-01T16:55:44","date_gmt":"2022-09-01T14:55:44","guid":{"rendered":"https:\/\/kaleidos-images.com\/1900-2\/"},"modified":"2025-08-20T17:11:20","modified_gmt":"2025-08-20T15:11:20","slug":"1900-2","status":"publish","type":"page","link":"https:\/\/kaleidos-images.net\/en\/1900-2\/","title":{"rendered":"Thirty years"},"content":{"rendered":"<p>[et_pb_section fb_built=&#8221;1&#8243; _builder_version=&#8221;4.18.0&#8243; _module_preset=&#8221;default&#8221; global_colors_info=&#8221;{}&#8221;][et_pb_row _builder_version=&#8221;4.18.0&#8243; _module_preset=&#8221;default&#8221; custom_margin=&#8221;||13px||false|false&#8221; custom_padding=&#8221;||0px||false|false&#8221; global_colors_info=&#8221;{}&#8221;][et_pb_column type=&#8221;4_4&#8243; _builder_version=&#8221;4.18.0&#8243; _module_preset=&#8221;default&#8221; global_colors_info=&#8221;{}&#8221;][et_pb_text _builder_version=&#8221;4.27.4&#8243; _module_preset=&#8221;default&#8221; header_font=&#8221;Jost|700|||||||&#8221; header_font_size=&#8221;38px&#8221; hover_enabled=&#8221;0&#8243; global_colors_info=&#8221;{}&#8221; sticky_enabled=&#8221;0&#8243;]<\/p>\n<h1 style=\"text-align: center;\">Kaleidos &#8211; From words to images<\/h1>\n<p>[\/et_pb_text][\/et_pb_column][\/et_pb_row][et_pb_row column_structure=&#8221;1_5,3_5,1_5&#8243; _builder_version=&#8221;4.18.0&#8243; _module_preset=&#8221;default&#8221; global_colors_info=&#8221;{}&#8221;][et_pb_column type=&#8221;1_5&#8243; _builder_version=&#8221;4.18.0&#8243; _module_preset=&#8221;default&#8221; global_colors_info=&#8221;{}&#8221;][\/et_pb_column][et_pb_column type=&#8221;3_5&#8243; _builder_version=&#8221;4.18.0&#8243; _module_preset=&#8221;default&#8221; global_colors_info=&#8221;{}&#8221;][et_pb_text _builder_version=&#8221;4.27.4&#8243; _module_preset=&#8221;default&#8221; text_font=&#8221;Jost||||||||&#8221; text_font_size=&#8221;16px&#8221; custom_margin=&#8221;-28px||||false|false&#8221; custom_padding=&#8221;0px||||false|false&#8221; hover_enabled=&#8221;0&#8243; global_colors_info=&#8221;{}&#8221; sticky_enabled=&#8221;0&#8243;]<\/p>\n<p style=\"text-align: center;\">is an image agency.<br \/>The idea was born in 1993, and we&#8217;ve been around, in one form or another, since 1997.<\/p>\n<p>[\/et_pb_text][et_pb_text _builder_version=&#8221;4.18.0&#8243; _module_preset=&#8221;default&#8221; header_font=&#8221;Jost|900|||||||&#8221; header_text_align=&#8221;center&#8221; header_font_size=&#8221;65px&#8221; custom_margin=&#8221;11px||-10px||false|false&#8221; custom_padding=&#8221;10px||0px||false|false&#8221; global_colors_info=&#8221;{}&#8221;]<\/p>\n<h1 style=\"text-align: center;\">&#8211;<\/h1>\n<p>[\/et_pb_text][\/et_pb_column][et_pb_column type=&#8221;1_5&#8243; _builder_version=&#8221;4.18.0&#8243; _module_preset=&#8221;default&#8221; global_colors_info=&#8221;{}&#8221;][\/et_pb_column][\/et_pb_row][et_pb_row _builder_version=&#8221;4.18.0&#8243; _module_preset=&#8221;default&#8221; custom_margin=&#8221;-4px||-22px||false|false&#8221; global_colors_info=&#8221;{}&#8221;][et_pb_column type=&#8221;4_4&#8243; _builder_version=&#8221;4.18.0&#8243; _module_preset=&#8221;default&#8221; global_colors_info=&#8221;{}&#8221;][et_pb_text _builder_version=&#8221;4.27.4&#8243; _module_preset=&#8221;default&#8221; header_font=&#8221;Jost||||||||&#8221; header_5_font=&#8221;Jost|300|||||||&#8221; header_5_text_align=&#8221;center&#8221; header_5_font_size=&#8221;18px&#8221; custom_margin=&#8221;10px||||false|false&#8221; hover_enabled=&#8221;0&#8243; global_colors_info=&#8221;{}&#8221; sticky_enabled=&#8221;0&#8243;]<\/p>\n<h1 style=\"text-align: center;\"><strong>Thirty years of images and resilience<\/strong><\/h1>\n<p>[\/et_pb_text][\/et_pb_column][\/et_pb_row][et_pb_row column_structure=&#8221;1_5,3_5,1_5&#8243; _builder_version=&#8221;4.18.0&#8243; _module_preset=&#8221;default&#8221; global_colors_info=&#8221;{}&#8221;][et_pb_column type=&#8221;1_5&#8243; _builder_version=&#8221;4.18.0&#8243; _module_preset=&#8221;default&#8221; global_colors_info=&#8221;{}&#8221;][\/et_pb_column][et_pb_column type=&#8221;3_5&#8243; _builder_version=&#8221;4.18.0&#8243; _module_preset=&#8221;default&#8221; global_colors_info=&#8221;{}&#8221;][et_pb_text _builder_version=&#8221;4.27.4&#8243; _module_preset=&#8221;default&#8221; hover_enabled=&#8221;0&#8243; global_colors_info=&#8221;{}&#8221; sticky_enabled=&#8221;0&#8243;]<\/p>\n<p><strong>August 24, 1993, 4:30 pm.<\/strong>  Two photographers share a common ambition: to free their images from commercial constraints. Herv\u00e9 Merliac and his interlocutor share the creator&#8217;s frustration at the limited exploitation of his work. One dreams of personal reportage, the other wants to go beyond industrial and catalog photography.  <\/p>\n<p><em>Alyas<\/em> was born, a multi-faceted image agency project: a bank of prepared subjects, reportage production, catalog creation, postcard publishing and prints for collectors. A &#8220;box of images&#8221; aimed at all audiences, from private individuals to the media. <\/p>\n<h2>The detours of destiny<\/h2>\n<p>Saudi Arabia abruptly interrupts this trajectory. Jeddah, Parisian clients passed on to Herv\u00e9, then the distance that erased the projects. But it was there, in 1995, that a revolutionary idea was born: an online image bank. The first Kodak Photo CDs enabled digitization, CompuServe had already been offering an e-mail address since 1989, and the emerging World Wide Web opened up unprecedented prospects.   <\/p>\n<p>The return to France marked a renaissance. <em>Alyas<\/em> becomes <em>Kaleidos<\/em>, an association under the French law of 1901. Philippe Gu\u00e9ry, D\u00e9sir\u00e9e Sadek and Laurent Abad enrich the photographic collection. Multilingual management software classifies images, assigns serial numbers and manages captions and keywords. Classic books and slide plates make the rounds of the editorial offices. The first publications arrive.    <\/p>\n<h2>When life takes its course<\/h2>\n<p>Divorce, depression, illness. Personal trials relegated <em>Kaleidos<\/em> to the background. Perpignan became his new port of call, and with it a different kind of photographic commitment: the Palestinian refugees of the Chatila camp, a twenty-minute walk from his family&#8217;s Beirut home.  <\/p>\n<p>Faced with disappointing reactions from publishers &#8211; <em>&#8220;No one is interested in the lives of Palestinians&#8221;<\/em>, <em>&#8220;The daily lives of refugees don&#8217;t sell&#8221;<\/em> &#8211; the decision was made to publish without an established publishing house. Fifteen years of work would result in two books. <\/p>\n<p>Twenty exhibitions since 2000, magazine reports and commercial commissions keep the business going. <em>Kaleidos<\/em> slumbers, awakened intermittently: reunion with Herv\u00e9, respective weddings, promises to feed the image bank, fine publication in <em>Le Monde 2<\/em> on Ayahuasca.<\/p>\n<h2>Digital resurrection<\/h2>\n<p>Side projects, disappearance of Herv\u00e9, COVID, divorce, stroke, tumour. More than three years out of action, between relapses and remissions. Then the trigger. An urgency that instantly brings us back to 1993, face to face with Herv\u00e9 and their shared photographic dreams.   <\/p>\n<p>Today, <em>Kaleidos<\/em> rises from its digital ashes. Thirty years after that first meeting, the image agency has rediscovered its original vocation: to give a voice to images, offering them every possible channel of expression. <\/p>\n<p>The story continues.<\/p>\n<p>[\/et_pb_text][\/et_pb_column][et_pb_column type=&#8221;1_5&#8243; _builder_version=&#8221;4.18.0&#8243; _module_preset=&#8221;default&#8221; global_colors_info=&#8221;{}&#8221;][\/et_pb_column][\/et_pb_row][\/et_pb_section]<\/p>\n","protected":false},"excerpt":{"rendered":"<p>Kaleidos &#8211; From words to imagesis an image agency.The idea was born in 1993, and we&#8217;ve been around, in one form or another, since 1997.-Thirty years of images and resilienceAugust 24, 1993, 4:30 pm. Two photographers share a common ambition: to free their images from commercial constraints. Herv\u00e9 Merliac and his interlocutor share the creator&#8217;s [&hellip;]<\/p>\n","protected":false},"author":1,"featured_media":0,"parent":0,"menu_order":0,"comment_status":"closed","ping_status":"closed","template":"","meta":{"_et_pb_use_builder":"on","_et_pb_old_content":"","_et_gb_content_width":"","footnotes":""},"class_list":["post-1900","page","type-page","status-publish","hentry"],"yoast_head":"<!-- This site is optimized with the Yoast SEO plugin v27.3 - https:\/\/yoast.com\/product\/yoast-seo-wordpress\/ -->\n<title>Thirty years - Kaleidos \u00b7 la parole \u00e0 l&#039;image<\/title>\n<meta name=\"robots\" content=\"index, follow, max-snippet:-1, max-image-preview:large, max-video-preview:-1\" \/>\n<link rel=\"canonical\" href=\"https:\/\/kaleidos-images.net\/en\/1900-2\/\" \/>\n<meta property=\"og:locale\" content=\"en_US\" \/>\n<meta property=\"og:type\" content=\"article\" \/>\n<meta property=\"og:title\" content=\"Thirty years - Kaleidos \u00b7 la parole \u00e0 l&#039;image\" \/>\n<meta property=\"og:description\" content=\"Kaleidos - From words to imagesis an image agency.The idea was born in 1993, and we&#039;ve been around, in one form or another, since 1997.-Thirty years of images and resilienceAugust 24, 1993, 4:30 pm. Two photographers share a common ambition: to free their images from commercial constraints. Herv\u00e9 Merliac and his interlocutor share the creator&#039;s [&hellip;]\" \/>\n<meta property=\"og:url\" content=\"https:\/\/kaleidos-images.net\/en\/1900-2\/\" \/>\n<meta property=\"og:site_name\" content=\"Kaleidos \u00b7 la parole \u00e0 l&#039;image\" \/>\n<meta property=\"article:modified_time\" content=\"2025-08-20T15:11:20+00:00\" \/>\n<meta name=\"twitter:card\" content=\"summary_large_image\" \/>\n<meta name=\"twitter:label1\" content=\"Est. reading time\" \/>\n\t<meta name=\"twitter:data1\" content=\"4 minutes\" \/>\n<script type=\"application\/ld+json\" class=\"yoast-schema-graph\">{\"@context\":\"https:\\\/\\\/schema.org\",\"@graph\":[{\"@type\":\"WebPage\",\"@id\":\"https:\\\/\\\/kaleidos-images.net\\\/en\\\/1900-2\\\/\",\"url\":\"https:\\\/\\\/kaleidos-images.net\\\/en\\\/1900-2\\\/\",\"name\":\"Thirty years - Kaleidos \u00b7 la parole \u00e0 l&#039;image\",\"isPartOf\":{\"@id\":\"https:\\\/\\\/kaleidos-images.net\\\/en\\\/#website\"},\"datePublished\":\"2022-09-01T14:55:44+00:00\",\"dateModified\":\"2025-08-20T15:11:20+00:00\",\"breadcrumb\":{\"@id\":\"https:\\\/\\\/kaleidos-images.net\\\/en\\\/1900-2\\\/#breadcrumb\"},\"inLanguage\":\"en-US\",\"potentialAction\":[{\"@type\":\"ReadAction\",\"target\":[\"https:\\\/\\\/kaleidos-images.net\\\/en\\\/1900-2\\\/\"]}]},{\"@type\":\"BreadcrumbList\",\"@id\":\"https:\\\/\\\/kaleidos-images.net\\\/en\\\/1900-2\\\/#breadcrumb\",\"itemListElement\":[{\"@type\":\"ListItem\",\"position\":1,\"name\":\"Home\",\"item\":\"https:\\\/\\\/kaleidos-images.net\\\/en\\\/\"},{\"@type\":\"ListItem\",\"position\":2,\"name\":\"Thirty years\"}]},{\"@type\":\"WebSite\",\"@id\":\"https:\\\/\\\/kaleidos-images.net\\\/en\\\/#website\",\"url\":\"https:\\\/\\\/kaleidos-images.net\\\/en\\\/\",\"name\":\"Kaleidos \u00b7 la parole \u00e0 l&#039;image\",\"description\":\"Agence d&#039;images. Depuis 1997.\",\"potentialAction\":[{\"@type\":\"SearchAction\",\"target\":{\"@type\":\"EntryPoint\",\"urlTemplate\":\"https:\\\/\\\/kaleidos-images.net\\\/en\\\/?s={search_term_string}\"},\"query-input\":{\"@type\":\"PropertyValueSpecification\",\"valueRequired\":true,\"valueName\":\"search_term_string\"}}],\"inLanguage\":\"en-US\"}]}<\/script>\n<!-- \/ Yoast SEO plugin. -->","yoast_head_json":{"title":"Thirty years - Kaleidos \u00b7 la parole \u00e0 l&#039;image","robots":{"index":"index","follow":"follow","max-snippet":"max-snippet:-1","max-image-preview":"max-image-preview:large","max-video-preview":"max-video-preview:-1"},"canonical":"https:\/\/kaleidos-images.net\/en\/1900-2\/","og_locale":"en_US","og_type":"article","og_title":"Thirty years - Kaleidos \u00b7 la parole \u00e0 l&#039;image","og_description":"Kaleidos - From words to imagesis an image agency.The idea was born in 1993, and we've been around, in one form or another, since 1997.-Thirty years of images and resilienceAugust 24, 1993, 4:30 pm. Two photographers share a common ambition: to free their images from commercial constraints. Herv\u00e9 Merliac and his interlocutor share the creator's [&hellip;]","og_url":"https:\/\/kaleidos-images.net\/en\/1900-2\/","og_site_name":"Kaleidos \u00b7 la parole \u00e0 l&#039;image","article_modified_time":"2025-08-20T15:11:20+00:00","twitter_card":"summary_large_image","twitter_misc":{"Est. reading time":"4 minutes"},"schema":{"@context":"https:\/\/schema.org","@graph":[{"@type":"WebPage","@id":"https:\/\/kaleidos-images.net\/en\/1900-2\/","url":"https:\/\/kaleidos-images.net\/en\/1900-2\/","name":"Thirty years - Kaleidos \u00b7 la parole \u00e0 l&#039;image","isPartOf":{"@id":"https:\/\/kaleidos-images.net\/en\/#website"},"datePublished":"2022-09-01T14:55:44+00:00","dateModified":"2025-08-20T15:11:20+00:00","breadcrumb":{"@id":"https:\/\/kaleidos-images.net\/en\/1900-2\/#breadcrumb"},"inLanguage":"en-US","potentialAction":[{"@type":"ReadAction","target":["https:\/\/kaleidos-images.net\/en\/1900-2\/"]}]},{"@type":"BreadcrumbList","@id":"https:\/\/kaleidos-images.net\/en\/1900-2\/#breadcrumb","itemListElement":[{"@type":"ListItem","position":1,"name":"Home","item":"https:\/\/kaleidos-images.net\/en\/"},{"@type":"ListItem","position":2,"name":"Thirty years"}]},{"@type":"WebSite","@id":"https:\/\/kaleidos-images.net\/en\/#website","url":"https:\/\/kaleidos-images.net\/en\/","name":"Kaleidos \u00b7 la parole \u00e0 l&#039;image","description":"Agence d&#039;images. Depuis 1997.","potentialAction":[{"@type":"SearchAction","target":{"@type":"EntryPoint","urlTemplate":"https:\/\/kaleidos-images.net\/en\/?s={search_term_string}"},"query-input":{"@type":"PropertyValueSpecification","valueRequired":true,"valueName":"search_term_string"}}],"inLanguage":"en-US"}]}},"_links":{"self":[{"href":"https:\/\/kaleidos-images.net\/en\/wp-json\/wp\/v2\/pages\/1900","targetHints":{"allow":["GET"]}}],"collection":[{"href":"https:\/\/kaleidos-images.net\/en\/wp-json\/wp\/v2\/pages"}],"about":[{"href":"https:\/\/kaleidos-images.net\/en\/wp-json\/wp\/v2\/types\/page"}],"author":[{"embeddable":true,"href":"https:\/\/kaleidos-images.net\/en\/wp-json\/wp\/v2\/users\/1"}],"replies":[{"embeddable":true,"href":"https:\/\/kaleidos-images.net\/en\/wp-json\/wp\/v2\/comments?post=1900"}],"version-history":[{"count":3,"href":"https:\/\/kaleidos-images.net\/en\/wp-json\/wp\/v2\/pages\/1900\/revisions"}],"predecessor-version":[{"id":1092528,"href":"https:\/\/kaleidos-images.net\/en\/wp-json\/wp\/v2\/pages\/1900\/revisions\/1092528"}],"wp:attachment":[{"href":"https:\/\/kaleidos-images.net\/en\/wp-json\/wp\/v2\/media?parent=1900"}],"curies":[{"name":"wp","href":"https:\/\/api.w.org\/{rel}","templated":true}]}}